{"id":47,"date":"2023-06-27T17:33:48","date_gmt":"2023-06-27T17:33:48","guid":{"rendered":"https:\/\/grottosudbury.ca\/?page_id=47"},"modified":"2023-06-30T11:22:03","modified_gmt":"2023-06-30T11:22:03","slug":"__trashed-2","status":"publish","type":"page","link":"https:\/\/grottosudbury.ca\/fr\/__trashed-2\/","title":{"rendered":"Chemin\u00a0de Croix"},"content":{"rendered":"<p>Avec les m\u00e9ditations de J.H. Newman\nsuivons pas \u00e0 pas J\u00e9sus sur le Chemin du Calvaire.<\/p>\n\n\n\n<p>Le cardinal J.-H. Newman (1801-1890) est l'auteur de deux m\u00e9ditations du Chemin de Croix. C'est la m\u00e9ditation la plus br\u00e8ve que nous avons retenue ici, et c'est \u00e9galement celle que le pape Jean-Paul II avait choisie pour la m\u00e9ditation du chemin de Croix traditionnel du Vendredi Saint, c\u00e9l\u00e9br\u00e9e au Colis\u00e9e le 13 avril 2001.<\/p>\n\n\n\n<div class=\"wp-block-columns is-layout-flex wp-container-core-columns-is-layout-9d6595d7 wp-block-columns-is-layout-flex\">\n<div class=\"wp-block-column is-layout-flow wp-block-column-is-layout-flow\" style=\"flex-basis:66.66%\">\n<h2 class=\"wp-block-heading\"><strong>COMMENCER PAR UN ACTE DE CONTRITION<\/strong><\/h2>\n\n\n\n<p>Mon Dieu, j'ai un tr\u00e8s grand regret de Vous avoir offens\u00e9, parce que Vous \u00eates infiniment bon, infiniment aimable et que le p\u00e9ch\u00e9 Vous d\u00e9plait. Je prend la ferme r\u00e9solution avec le secours de Votre sainte gr\u00e2ce de ne plus Vous offenser et de faire p\u00e9nitence.<\/p>\n<\/div>\n\n\n\n<div class=\"wp-block-column is-layout-flow wp-block-column-is-layout-flow\" style=\"flex-basis:33.33%\">\n<figure class=\"wp-block-image size-full is-resized\"><img loading=\"lazy\" decoding=\"async\" src=\"https:\/\/grottosudbury.ca\/wp-content\/uploads\/2023\/06\/image575.jpg\" alt=\"\" class=\"wp-image-135\" width=\"234\" height=\"304\" srcset=\"https:\/\/grottosudbury.ca\/wp-content\/uploads\/2023\/06\/image575.jpg 117w, https:\/\/grottosudbury.ca\/wp-content\/uploads\/2023\/06\/image575-9x12.jpg 9w\" sizes=\"auto, (max-width: 234px) 100vw, 234px\" \/><\/figure>\n<\/div>\n<\/div>","protected":false},"excerpt":{"rendered":"<p>These stations of the Cross were written by Saint John Newman in 1860. The Venerable John Henry Cardinal Newman, C.O. (February 21, 1801 \u2013 August 11, 1890) was an English convert to Roman Catholicism, later made a cardinal, and in 1991 proclaimed &#8216;Venerable&#8217;. In early life he was a major figure in the Oxford Movement [&hellip;]<\/p>\n","protected":false},"author":1,"featured_media":0,"parent":0,"menu_order":0,"comment_status":"closed","ping_status":"closed","template":"","meta":{"_coblocks_attr":"","_coblocks_dimensions":"","_coblocks_responsive_height":"","_coblocks_accordion_ie_support":"","footnotes":""},"class_list":["post-47","page","type-page","status-publish","hentry"],"_links":{"self":[{"href":"https:\/\/grottosudbury.ca\/fr\/wp-json\/wp\/v2\/pages\/47","targetHints":{"allow":["GET"]}}],"collection":[{"href":"https:\/\/grottosudbury.ca\/fr\/wp-json\/wp\/v2\/pages"}],"about":[{"href":"https:\/\/grottosudbury.ca\/fr\/wp-json\/wp\/v2\/types\/page"}],"author":[{"embeddable":true,"href":"https:\/\/grottosudbury.ca\/fr\/wp-json\/wp\/v2\/users\/1"}],"replies":[{"embeddable":true,"href":"https:\/\/grottosudbury.ca\/fr\/wp-json\/wp\/v2\/comments?post=47"}],"version-history":[{"count":2,"href":"https:\/\/grottosudbury.ca\/fr\/wp-json\/wp\/v2\/pages\/47\/revisions"}],"predecessor-version":[{"id":136,"href":"https:\/\/grottosudbury.ca\/fr\/wp-json\/wp\/v2\/pages\/47\/revisions\/136"}],"wp:attachment":[{"href":"https:\/\/grottosudbury.ca\/fr\/wp-json\/wp\/v2\/media?parent=47"}],"curies":[{"name":"wp","href":"https:\/\/api.w.org\/{rel}","templated":true}]}}