{"id":209,"date":"2023-06-30T20:05:24","date_gmt":"2023-06-30T20:05:24","guid":{"rendered":"https:\/\/grottosudbury.ca\/?page_id=209"},"modified":"2023-06-30T20:07:47","modified_gmt":"2023-06-30T20:07:47","slug":"station-xiv","status":"publish","type":"page","link":"https:\/\/grottosudbury.ca\/fr\/__trashed-2\/station-xiv\/","title":{"rendered":"Station XIV"},"content":{"rendered":"<div class=\"wp-block-columns is-layout-flex wp-container-core-columns-is-layout-9d6595d7 wp-block-columns-is-layout-flex\">\n<div class=\"wp-block-column is-layout-flow wp-block-column-is-layout-flow\" style=\"flex-basis:33.33%\">\n<figure class=\"wp-block-image size-full is-resized\"><img loading=\"lazy\" decoding=\"async\" src=\"https:\/\/grottosudbury.ca\/wp-content\/uploads\/2023\/06\/image2510.jpg\" alt=\"\" class=\"wp-image-118\" width=\"266\" height=\"388\" srcset=\"https:\/\/grottosudbury.ca\/wp-content\/uploads\/2023\/06\/image2510.jpg 181w, https:\/\/grottosudbury.ca\/wp-content\/uploads\/2023\/06\/image2510-8x12.jpg 8w\" sizes=\"auto, (max-width: 266px) 100vw, 266px\" \/><\/figure>\n<\/div>\n\n\n\n<div class=\"wp-block-column is-layout-flow wp-block-column-is-layout-flow\" style=\"flex-basis:66.66%\">\n<h2 class=\"wp-block-heading\"><strong><em>J\u00e9sus est d\u00e9pos\u00e9 dans le s\u00e9pulcre.<\/em><\/strong><\/h2>\n\n\n\n<p>Lorsqu'Il \u00e9tait le plus pr\u00e8s d'entrer dans son royaume et d'exercer toute puissance au ciel et sur la terre, il gisait mort dans une caverne du rocher. Il \u00e9tait envelopp\u00e9 de linceuls et renferm\u00e9 dans un s\u00e9pulcre de pierre quand Il \u00e9tait sur le point d'en sortir avec un corps spirituel et glorifi\u00e9, un corps pouvant p\u00e9n\u00e9trer toutes substances, aller d'un endroit \u00e0 un autre plus rapidement que la pens\u00e9e, et monter bient\u00f4t aux cieux.\n\nO J\u00e9sus, donnez-nous la confiance d'attendre de Vous une providence semblable ! Assurez-nous bien, Seigneur, que plus grande est notre d\u00e9tresse, plus nous sommes rapproch\u00e9s de Vous. Plus les hommes nous m\u00e9prisent, plus vous nous honorez. Plus les hommes triomphent de nous, plus haut Vous nous exaltez. Plus ils nous oublient, plus Vous pensez \u00e0 nous. Plus ils nous abandonnent, plus Vous nous attirez intimement \u00e0 Vous !<\/p>\n<\/div>\n<\/div>\n\n\n\n<p>O Dieu, qui par le pr\u00e9cieux Sang de votre Fils unique, avez sanctifi\u00e9 l'\u00e9tendard de la Croix, accordez-nous, nous Vous en supplions, que nous r\u00e9jouissant de la gloire de cette Croix sainte, nous puissions en tous temps et en tous lieux nous r\u00e9jouir aussi de l'assurance de votre protection, par le m\u00eame J\u00e9sus-Christ Notre-Seigneur.<\/p>\n\n\n\n<h3 class=\"wp-block-heading\"><strong><em>Notre P\u00e8re\u00a0<\/em><\/strong><\/h3>\n\n\n\n<p><em>Notre P\u00e8re qui es aux cieux, que ton nom soit sanctifi\u00e9, que ton r\u00e8gne vienne, que ta volont\u00e9 soit faite sur la terre comme au ciel.\u00a0Donne-nous aujourd'hui notre pain de ce jour. Pardonne-nous nos offenses comme nous pardonnons aussi \u00e0 ceux qui nous ont offens\u00e9s. Et ne nous soumets pas \u00e0 la tentation, mais d\u00e9livre-nous du mal.<\/em><\/p>\n\n\n\n<h3 class=\"wp-block-heading\"><strong><em>Je vous salue Marie&nbsp;<\/em><\/strong><\/h3>\n\n\n\n<p><em>Je vous salue, Marie, pleine de gr\u00e2ce, le Seigneur est avec vous. Vous \u00eates b\u00e9nie entre toutes les femmes et J\u00e9sus, le fruit de vos entrailles, est b\u00e9ni. Sainte Marie, m\u00e8re de Dieu, priez pour nous, pauvres p\u00e9cheurs, maintenant et \u00e0 l'heure de notre mort. Amen.<\/em><\/p>\n\n\n\n<h3 class=\"wp-block-heading\"><strong><em>Gloire au P\u00e8re<\/em><\/strong><\/h3>\n\n\n\n<p><em>Gloire au P\u00e8re et au Fils et au Saint-Esprit, Comme il \u00e9tait au commencement, maintenant et toujours, pour les si\u00e8cles des si\u00e8cles. Amen. <\/em><\/p>","protected":false},"excerpt":{"rendered":"<p>Jesus is laid in the Sepulcher. JESUS, when He was nearest to His everlasting triumph, seemed to be farthest from triumphing. When He was nearest upon entering upon His kingdom, and exercising all power in heaven and earth, He was lying dead in a cave of the rock. He was wrapped round in burying-clothes, and [&hellip;]<\/p>\n","protected":false},"author":1,"featured_media":0,"parent":47,"menu_order":0,"comment_status":"closed","ping_status":"closed","template":"","meta":{"_coblocks_attr":"","_coblocks_dimensions":"","_coblocks_responsive_height":"","_coblocks_accordion_ie_support":"","footnotes":""},"class_list":["post-209","page","type-page","status-publish","hentry"],"_links":{"self":[{"href":"https:\/\/grottosudbury.ca\/fr\/wp-json\/wp\/v2\/pages\/209","targetHints":{"allow":["GET"]}}],"collection":[{"href":"https:\/\/grottosudbury.ca\/fr\/wp-json\/wp\/v2\/pages"}],"about":[{"href":"https:\/\/grottosudbury.ca\/fr\/wp-json\/wp\/v2\/types\/page"}],"author":[{"embeddable":true,"href":"https:\/\/grottosudbury.ca\/fr\/wp-json\/wp\/v2\/users\/1"}],"replies":[{"embeddable":true,"href":"https:\/\/grottosudbury.ca\/fr\/wp-json\/wp\/v2\/comments?post=209"}],"version-history":[{"count":2,"href":"https:\/\/grottosudbury.ca\/fr\/wp-json\/wp\/v2\/pages\/209\/revisions"}],"predecessor-version":[{"id":217,"href":"https:\/\/grottosudbury.ca\/fr\/wp-json\/wp\/v2\/pages\/209\/revisions\/217"}],"up":[{"embeddable":true,"href":"https:\/\/grottosudbury.ca\/fr\/wp-json\/wp\/v2\/pages\/47"}],"wp:attachment":[{"href":"https:\/\/grottosudbury.ca\/fr\/wp-json\/wp\/v2\/media?parent=209"}],"curies":[{"name":"wp","href":"https:\/\/api.w.org\/{rel}","templated":true}]}}