{"id":20,"date":"2023-06-20T20:18:08","date_gmt":"2023-06-20T20:18:08","guid":{"rendered":"https:\/\/grottosudbury.ca\/home\/"},"modified":"2023-06-29T12:46:31","modified_gmt":"2023-06-29T12:46:31","slug":"home","status":"publish","type":"page","link":"https:\/\/grottosudbury.ca\/fr\/","title":{"rendered":"Acceuil"},"content":{"rendered":"<div class=\"wp-block-cover alignfull is-light has-custom-content-position is-position-center-left is-style-default coblocks-animate\" data-coblocks-animation=\"fadeIn\"><span aria-hidden=\"true\" class=\"wp-block-cover__background has-background-dim-20 has-background-dim\"><\/span><img loading=\"lazy\" decoding=\"async\" width=\"1920\" height=\"600\" class=\"wp-block-cover__image-background wp-image-41\" alt=\"\" src=\"https:\/\/grottosudbury.ca\/wp-content\/uploads\/2023\/06\/Our-Lady-of-Lourdes-1.jpg\" data-object-fit=\"cover\" srcset=\"https:\/\/grottosudbury.ca\/wp-content\/uploads\/2023\/06\/Our-Lady-of-Lourdes-1.jpg 1920w, https:\/\/grottosudbury.ca\/wp-content\/uploads\/2023\/06\/Our-Lady-of-Lourdes-1-300x94.jpg 300w, https:\/\/grottosudbury.ca\/wp-content\/uploads\/2023\/06\/Our-Lady-of-Lourdes-1-1024x320.jpg 1024w, https:\/\/grottosudbury.ca\/wp-content\/uploads\/2023\/06\/Our-Lady-of-Lourdes-1-768x240.jpg 768w, https:\/\/grottosudbury.ca\/wp-content\/uploads\/2023\/06\/Our-Lady-of-Lourdes-1-1536x480.jpg 1536w, https:\/\/grottosudbury.ca\/wp-content\/uploads\/2023\/06\/Our-Lady-of-Lourdes-1-600x188.jpg 600w\" sizes=\"auto, (max-width: 1920px) 100vw, 1920px\" \/><div class=\"wp-block-cover__inner-container is-layout-flow wp-block-cover-is-layout-flow\">\n<p class=\"has-text-align-center has-large-font-size\"><\/p>\n<\/div><\/div>\n\n\n\n<div class=\"wp-block-columns alignwide is-layout-flex wp-container-core-columns-is-layout-9d6595d7 wp-block-columns-is-layout-flex\">\n<div class=\"wp-block-column is-layout-flow wp-block-column-is-layout-flow\">\n<h2 class=\"wp-block-heading\"><strong>Bienvenue<\/strong><\/h2>\n\n\n\n<p>La Grotte Notre-Dame-de-Lourdes, dans la ville de Sudbury, donne \u00e0 ceux qui se prom\u00e8nent sur les sentiers une perspective diff\u00e9rente de celle des autres sanctuaires canadiens ou mondiaux. Les pi\u00e8ces d\u2019expositions qu\u2019on y trouve apporte au site la perspective d\u2019une histoire universelle et une dimension \u0153cum\u00e9nique de sorte que les croyants de toutes les religions ainsi que les non-croyants d\u00e9couvriront un sens \u00e0 leur vie dans le silence qui enveloppe ce site. Ces ajouts permettent d\u2019ouvrir une sorte de fen\u00eatre sur le Projet de l \u2018Amour de Dieu pour l\u2019humanit\u00e9 et tout en permettant \u00e0 la Grotte d\u2019\u00eatre un oasis de paix avec des monuments \u00e9vocateurs et rassembleurs, propices \u00e0 la pri\u00e8re et \u00e0 la r\u00e9flexion.<\/p>\n<\/div>\n<\/div>","protected":false},"excerpt":{"rendered":"<p>Welcome Sudbury\u2019s downtown Grotto of Our Lady of Lourdes gives pilgrims and visitors who walk its paths a different perspective from other Catholic shrines in Canada or globally. The exhibits add a broader philosophical approach and a greater ecumenical dimension to the site so those of various faiths or no faith may find both meaning [&hellip;]<\/p>\n","protected":false},"author":1,"featured_media":0,"parent":0,"menu_order":0,"comment_status":"closed","ping_status":"closed","template":"","meta":{"_coblocks_attr":"","_coblocks_dimensions":"","_coblocks_responsive_height":"","_coblocks_accordion_ie_support":"","footnotes":""},"class_list":["post-20","page","type-page","status-publish","hentry"],"_links":{"self":[{"href":"https:\/\/grottosudbury.ca\/fr\/wp-json\/wp\/v2\/pages\/20","targetHints":{"allow":["GET"]}}],"collection":[{"href":"https:\/\/grottosudbury.ca\/fr\/wp-json\/wp\/v2\/pages"}],"about":[{"href":"https:\/\/grottosudbury.ca\/fr\/wp-json\/wp\/v2\/types\/page"}],"author":[{"embeddable":true,"href":"https:\/\/grottosudbury.ca\/fr\/wp-json\/wp\/v2\/users\/1"}],"replies":[{"embeddable":true,"href":"https:\/\/grottosudbury.ca\/fr\/wp-json\/wp\/v2\/comments?post=20"}],"version-history":[{"count":6,"href":"https:\/\/grottosudbury.ca\/fr\/wp-json\/wp\/v2\/pages\/20\/revisions"}],"predecessor-version":[{"id":72,"href":"https:\/\/grottosudbury.ca\/fr\/wp-json\/wp\/v2\/pages\/20\/revisions\/72"}],"wp:attachment":[{"href":"https:\/\/grottosudbury.ca\/fr\/wp-json\/wp\/v2\/media?parent=20"}],"curies":[{"name":"wp","href":"https:\/\/api.w.org\/{rel}","templated":true}]}}