{"id":199,"date":"2023-06-30T19:55:20","date_gmt":"2023-06-30T19:55:20","guid":{"rendered":"https:\/\/grottosudbury.ca\/?page_id=199"},"modified":"2023-06-30T19:57:13","modified_gmt":"2023-06-30T19:57:13","slug":"station-xii","status":"publish","type":"page","link":"https:\/\/grottosudbury.ca\/fr\/__trashed-2\/station-xii\/","title":{"rendered":"Station XII"},"content":{"rendered":"<div class=\"wp-block-columns is-layout-flex wp-container-core-columns-is-layout-9d6595d7 wp-block-columns-is-layout-flex\">\n<div class=\"wp-block-column is-layout-flow wp-block-column-is-layout-flow\" style=\"flex-basis:33.33%\">\n<figure class=\"wp-block-image size-full is-resized\"><img loading=\"lazy\" decoding=\"async\" src=\"https:\/\/grottosudbury.ca\/wp-content\/uploads\/2023\/06\/image2611.jpg\" alt=\"\" class=\"wp-image-119\" width=\"268\" height=\"406\" srcset=\"https:\/\/grottosudbury.ca\/wp-content\/uploads\/2023\/06\/image2611.jpg 177w, https:\/\/grottosudbury.ca\/wp-content\/uploads\/2023\/06\/image2611-8x12.jpg 8w\" sizes=\"auto, (max-width: 268px) 100vw, 268px\" \/><\/figure>\n<\/div>\n\n\n\n<div class=\"wp-block-column is-layout-flow wp-block-column-is-layout-flow\" style=\"flex-basis:66.66%\">\n<h2 class=\"wp-block-heading\"><strong><em><strong><em>J\u00e9sus meurt sur la Croix.<\/em><\/strong><\/em>&nbsp;<\/strong><\/h2>\n\n\n\n<p>\"Consummatum est. \" Tout est compl\u00e9t\u00e9, la fin est pleinement venue. Le myst\u00e8re de l'amour de Dieu envers nous est accompli. La ran\u00e7on est pay\u00e9e et nous sommes rachet\u00e9s. Le P\u00e8re \u00e9ternel avait r\u00e9solu de ne point nous pardonner gratuitement afin de nous montrer une faveur sp\u00e9ciale. Il avait condescendu \u00e0 nous traiter comme ayant valeur \u00e0 ses yeux. Ce que l'on ach\u00e8te a de la valeur. Il aurait pu nous sauver sans achat - par un simple fiat de sa volont\u00e9. Mais, pour montrer son amour pour nous, Il fixa un prix : et ce prix, si une ran\u00e7on quelconque devait \u00eatre fix\u00e9e et livr\u00e9e en \u00e9change de l'offense de nos p\u00e9ch\u00e9s, ne pouvait \u00eatre rien autre que la mort de son propre Fils, rev\u00eatu de notre nature humaine.&nbsp;<br><br><\/p>\n<\/div>\n<\/div>\n\n\n\n<p>O mon Dieu et mon P\u00e8re, Vous avez \u00e9valu\u00e9 si haut la valeur de nos \u00e2mes coupables, que Vous avez fix\u00e9 le prix le plus \u00e9lev\u00e9 qui soit possible pour les racheter ! Ne Vous aimerons-nous pas et ne Vous choisirons-nous pas au-dessus de toutes choses comme le seul bien unique et n\u00e9cessaire ?<br><\/p>\n\n\n\n<h3 class=\"wp-block-heading\"><strong><em>Notre P\u00e8re\u00a0<\/em><\/strong><\/h3>\n\n\n\n<p><em>Notre P\u00e8re qui es aux cieux, que ton nom soit sanctifi\u00e9, que ton r\u00e8gne vienne, que ta volont\u00e9 soit faite sur la terre comme au ciel.\u00a0Donne-nous aujourd'hui notre pain de ce jour. Pardonne-nous nos offenses comme nous pardonnons aussi \u00e0 ceux qui nous ont offens\u00e9s. Et ne nous soumets pas \u00e0 la tentation, mais d\u00e9livre-nous du mal.<\/em><\/p>\n\n\n\n<h3 class=\"wp-block-heading\"><strong><em>Je vous salue Marie&nbsp;<\/em><\/strong><\/h3>\n\n\n\n<p><em>Je vous salue, Marie, pleine de gr\u00e2ce, le Seigneur est avec vous. Vous \u00eates b\u00e9nie entre toutes les femmes et J\u00e9sus, le fruit de vos entrailles, est b\u00e9ni. Sainte Marie, m\u00e8re de Dieu, priez pour nous, pauvres p\u00e9cheurs, maintenant et \u00e0 l'heure de notre mort. Amen.<\/em><\/p>\n\n\n\n<h3 class=\"wp-block-heading\"><strong><em>Gloire au P\u00e8re<\/em><\/strong><\/h3>\n\n\n\n<p><em>Gloire au P\u00e8re et au Fils et au Saint-Esprit, Comme il \u00e9tait au commencement, maintenant et toujours, pour les si\u00e8cles des si\u00e8cles. Amen. <\/em><\/p>","protected":false},"excerpt":{"rendered":"<p>Jesus dies upon the Cross.&nbsp; &#8220;CONSUMMATUM est.&#8221; It is completed &#8212; it has come to a full end. The mystery of God&#8217;s love towards us is accomplished. The price is paid, and we are redeemed. The Eternal Father determined not to pardon us without a price, in order to show us especial favor. He condescended [&hellip;]<\/p>\n","protected":false},"author":1,"featured_media":0,"parent":47,"menu_order":0,"comment_status":"closed","ping_status":"closed","template":"","meta":{"_coblocks_attr":"","_coblocks_dimensions":"","_coblocks_responsive_height":"","_coblocks_accordion_ie_support":"","footnotes":""},"class_list":["post-199","page","type-page","status-publish","hentry"],"_links":{"self":[{"href":"https:\/\/grottosudbury.ca\/fr\/wp-json\/wp\/v2\/pages\/199","targetHints":{"allow":["GET"]}}],"collection":[{"href":"https:\/\/grottosudbury.ca\/fr\/wp-json\/wp\/v2\/pages"}],"about":[{"href":"https:\/\/grottosudbury.ca\/fr\/wp-json\/wp\/v2\/types\/page"}],"author":[{"embeddable":true,"href":"https:\/\/grottosudbury.ca\/fr\/wp-json\/wp\/v2\/users\/1"}],"replies":[{"embeddable":true,"href":"https:\/\/grottosudbury.ca\/fr\/wp-json\/wp\/v2\/comments?post=199"}],"version-history":[{"count":2,"href":"https:\/\/grottosudbury.ca\/fr\/wp-json\/wp\/v2\/pages\/199\/revisions"}],"predecessor-version":[{"id":205,"href":"https:\/\/grottosudbury.ca\/fr\/wp-json\/wp\/v2\/pages\/199\/revisions\/205"}],"up":[{"embeddable":true,"href":"https:\/\/grottosudbury.ca\/fr\/wp-json\/wp\/v2\/pages\/47"}],"wp:attachment":[{"href":"https:\/\/grottosudbury.ca\/fr\/wp-json\/wp\/v2\/media?parent=199"}],"curies":[{"name":"wp","href":"https:\/\/api.w.org\/{rel}","templated":true}]}}