{"id":194,"date":"2023-06-30T19:51:30","date_gmt":"2023-06-30T19:51:30","guid":{"rendered":"https:\/\/grottosudbury.ca\/?page_id=194"},"modified":"2023-06-30T19:54:39","modified_gmt":"2023-06-30T19:54:39","slug":"station-xi","status":"publish","type":"page","link":"https:\/\/grottosudbury.ca\/fr\/__trashed-2\/station-xi\/","title":{"rendered":"Station XI"},"content":{"rendered":"<div class=\"wp-block-columns is-layout-flex wp-container-core-columns-is-layout-9d6595d7 wp-block-columns-is-layout-flex\">\n<div class=\"wp-block-column is-layout-flow wp-block-column-is-layout-flow\" style=\"flex-basis:33.33%\">\n<figure class=\"wp-block-image size-full is-resized\"><img loading=\"lazy\" decoding=\"async\" src=\"https:\/\/grottosudbury.ca\/wp-content\/uploads\/2023\/06\/image2250.jpg\" alt=\"\" class=\"wp-image-117\" width=\"269\" height=\"414\" srcset=\"https:\/\/grottosudbury.ca\/wp-content\/uploads\/2023\/06\/image2250.jpg 169w, https:\/\/grottosudbury.ca\/wp-content\/uploads\/2023\/06\/image2250-8x12.jpg 8w\" sizes=\"auto, (max-width: 269px) 100vw, 269px\" \/><\/figure>\n<\/div>\n\n\n\n<div class=\"wp-block-column is-layout-flow wp-block-column-is-layout-flow\" style=\"flex-basis:66.66%\">\n<h2 class=\"wp-block-heading\"><strong><em>J\u00e9sus est clou\u00e9 \u00e0 la Croix.<\/em>.&nbsp;&nbsp;<\/strong><\/h2>\n\n\n\n<p>Les pieds et les mains de J\u00e9sus sont transperc\u00e9s de clous ac\u00e9r\u00e9s. Ses yeux sont obscurcis par le sang et ferm\u00e9s par l'enflure des paupi\u00e8res et les contusions livides que les coups de ses bourreaux ont caus\u00e9es. Sa bouche est remplie de vinaigre et de fiel. Sa t\u00eate est ceinte des \u00e9pines aigu\u00ebs. Son C\u0153ur est perc\u00e9 par la lance. C'est ainsi que tous ses sens sont mortifi\u00e9s et crucifi\u00e9s, afin de faire r\u00e9paration, pour toute esp\u00e8ce de p\u00e9ch\u00e9s humains.&nbsp;<br><br><\/p>\n<\/div>\n<\/div>\n\n\n\n<p>O J\u00e9sus, mortifiez-nous et crucifiez-nous avec Vous ! Ne nous laissez plus jamais p\u00e9cher par aucun de nos sens ni aucun de nos membres. Faites que tous nos sens Vous soient un sacrifice, que tous nos membres chantent vos louanges ! Que le sang sacr\u00e9 qui a coul\u00e9 \u00e0 flots de vos cinq blessures puisse nous oindre d'une gr\u00e2ce tellement sanctifiante que nous mourrions au monde et que nous ne vivions que pour Vous !<br><\/p>\n\n\n\n<h3 class=\"wp-block-heading\"><strong><em>Notre P\u00e8re\u00a0<\/em><\/strong><\/h3>\n\n\n\n<p><em>Notre P\u00e8re qui es aux cieux, que ton nom soit sanctifi\u00e9, que ton r\u00e8gne vienne, que ta volont\u00e9 soit faite sur la terre comme au ciel.\u00a0Donne-nous aujourd'hui notre pain de ce jour. Pardonne-nous nos offenses comme nous pardonnons aussi \u00e0 ceux qui nous ont offens\u00e9s. Et ne nous soumets pas \u00e0 la tentation, mais d\u00e9livre-nous du mal.<\/em><\/p>\n\n\n\n<h3 class=\"wp-block-heading\"><strong><em>Je vous salue Marie&nbsp;<\/em><\/strong><\/h3>\n\n\n\n<p><em>Je vous salue, Marie, pleine de gr\u00e2ce, le Seigneur est avec vous. Vous \u00eates b\u00e9nie entre toutes les femmes et J\u00e9sus, le fruit de vos entrailles, est b\u00e9ni. Sainte Marie, m\u00e8re de Dieu, priez pour nous, pauvres p\u00e9cheurs, maintenant et \u00e0 l'heure de notre mort. Amen.<\/em><\/p>\n\n\n\n<h3 class=\"wp-block-heading\"><strong><em>Gloire au P\u00e8re<\/em><\/strong><\/h3>\n\n\n\n<p><em>Gloire au P\u00e8re et au Fils et au Saint-Esprit, Comme il \u00e9tait au commencement, maintenant et toujours, pour les si\u00e8cles des si\u00e8cles. Amen. <\/em><\/p>","protected":false},"excerpt":{"rendered":"<p>Jesus is nailed to the Cross.&nbsp;&nbsp; Jesus is pierced through each hand and each foot with a sharp nail. His eyes are dimmed with blood, and are closed by the swollen lids and livid brows which the blows of His executioners have caused. His mouth is filled with vinegar and gall. His head is encircled [&hellip;]<\/p>\n","protected":false},"author":1,"featured_media":0,"parent":47,"menu_order":0,"comment_status":"closed","ping_status":"closed","template":"","meta":{"_coblocks_attr":"","_coblocks_dimensions":"","_coblocks_responsive_height":"","_coblocks_accordion_ie_support":"","footnotes":""},"class_list":["post-194","page","type-page","status-publish","hentry"],"_links":{"self":[{"href":"https:\/\/grottosudbury.ca\/fr\/wp-json\/wp\/v2\/pages\/194","targetHints":{"allow":["GET"]}}],"collection":[{"href":"https:\/\/grottosudbury.ca\/fr\/wp-json\/wp\/v2\/pages"}],"about":[{"href":"https:\/\/grottosudbury.ca\/fr\/wp-json\/wp\/v2\/types\/page"}],"author":[{"embeddable":true,"href":"https:\/\/grottosudbury.ca\/fr\/wp-json\/wp\/v2\/users\/1"}],"replies":[{"embeddable":true,"href":"https:\/\/grottosudbury.ca\/fr\/wp-json\/wp\/v2\/comments?post=194"}],"version-history":[{"count":2,"href":"https:\/\/grottosudbury.ca\/fr\/wp-json\/wp\/v2\/pages\/194\/revisions"}],"predecessor-version":[{"id":200,"href":"https:\/\/grottosudbury.ca\/fr\/wp-json\/wp\/v2\/pages\/194\/revisions\/200"}],"up":[{"embeddable":true,"href":"https:\/\/grottosudbury.ca\/fr\/wp-json\/wp\/v2\/pages\/47"}],"wp:attachment":[{"href":"https:\/\/grottosudbury.ca\/fr\/wp-json\/wp\/v2\/media?parent=194"}],"curies":[{"name":"wp","href":"https:\/\/api.w.org\/{rel}","templated":true}]}}