{"id":190,"date":"2023-06-30T19:46:40","date_gmt":"2023-06-30T19:46:40","guid":{"rendered":"https:\/\/grottosudbury.ca\/?page_id=190"},"modified":"2023-06-30T19:50:28","modified_gmt":"2023-06-30T19:50:28","slug":"station-x","status":"publish","type":"page","link":"https:\/\/grottosudbury.ca\/fr\/__trashed-2\/station-x\/","title":{"rendered":"Station X"},"content":{"rendered":"<div class=\"wp-block-columns is-layout-flex wp-container-core-columns-is-layout-9d6595d7 wp-block-columns-is-layout-flex\">\n<div class=\"wp-block-column is-layout-flow wp-block-column-is-layout-flow\" style=\"flex-basis:33.33%\">\n<figure class=\"wp-block-image size-full is-resized\"><img loading=\"lazy\" decoding=\"async\" src=\"https:\/\/grottosudbury.ca\/wp-content\/uploads\/2023\/06\/image2076.jpg\" alt=\"\" class=\"wp-image-116\" width=\"268\" height=\"401\" srcset=\"https:\/\/grottosudbury.ca\/wp-content\/uploads\/2023\/06\/image2076.jpg 179w, https:\/\/grottosudbury.ca\/wp-content\/uploads\/2023\/06\/image2076-8x12.jpg 8w\" sizes=\"auto, (max-width: 268px) 100vw, 268px\" \/><\/figure>\n<\/div>\n\n\n\n<div class=\"wp-block-column is-layout-flow wp-block-column-is-layout-flow\" style=\"flex-basis:66.66%\">\n<h2 class=\"wp-block-heading\"><strong><em><strong><em>J\u00e9sus est d\u00e9pouill\u00e9 de ses V\u00eatements<\/em><\/strong><\/em><\/strong><\/h2>\n\n\n\n<p>J\u00e9sus a voulu renoncer \u00e0 tout en ce monde, avant de le quitter. Il exer\u00e7a la plus parfaite pauvret\u00e9. Quand Il partit de la sainte maison de Nazareth pour commencer sa mission, Il n'eut pas o\u00f9 reposer sa t\u00eate. Il v\u00e9cut des plus pauvres aliments et de ce qui lui \u00e9tait donn\u00e9 par ceux qui L'aimaient et Le servaient. Et suivant cet esprit de pauvret\u00e9, Il choisit un genre de mort pour lequel ses v\u00eatements m\u00eames ne devaient pas Lui \u00eatre laiss\u00e9s. Il se s\u00e9para de ce qui semblait le plus n\u00e9cessaire, et presque une partie de Lui-m\u00eame, selon la loi de l'humaine nature depuis la chute.&nbsp;<br><br><\/p>\n<\/div>\n<\/div>\n\n\n\n<p>Accordez-nous donc, \u00f4 cher Seigneur, de ne tenir \u00e0 rien sur la terre, et de supporter la perte de toutes choses, d'endurer m\u00eame la honte, le bl\u00e2me, le m\u00e9pris et la moquerie, plut\u00f4t que de Vous donner lieu de rougir de nous Vous-m\u00eame au dernier jour.<br><\/p>\n\n\n\n<h3 class=\"wp-block-heading\"><strong><em>Notre P\u00e8re\u00a0<\/em><\/strong><\/h3>\n\n\n\n<p><em>Notre P\u00e8re qui es aux cieux, que ton nom soit sanctifi\u00e9, que ton r\u00e8gne vienne, que ta volont\u00e9 soit faite sur la terre comme au ciel.\u00a0Donne-nous aujourd'hui notre pain de ce jour. Pardonne-nous nos offenses comme nous pardonnons aussi \u00e0 ceux qui nous ont offens\u00e9s. Et ne nous soumets pas \u00e0 la tentation, mais d\u00e9livre-nous du mal.<\/em><\/p>\n\n\n\n<h3 class=\"wp-block-heading\"><strong><em>Je vous salue Marie&nbsp;<\/em><\/strong><\/h3>\n\n\n\n<p><em>Je vous salue, Marie, pleine de gr\u00e2ce, le Seigneur est avec vous. Vous \u00eates b\u00e9nie entre toutes les femmes et J\u00e9sus, le fruit de vos entrailles, est b\u00e9ni. Sainte Marie, m\u00e8re de Dieu, priez pour nous, pauvres p\u00e9cheurs, maintenant et \u00e0 l'heure de notre mort. Amen.<\/em><\/p>\n\n\n\n<h3 class=\"wp-block-heading\"><strong><em>Gloire au P\u00e8re<\/em><\/strong><\/h3>\n\n\n\n<p><em>Gloire au P\u00e8re et au Fils et au Saint-Esprit, Comme il \u00e9tait au commencement, maintenant et toujours, pour les si\u00e8cles des si\u00e8cles. Amen. <\/em><\/p>","protected":false},"excerpt":{"rendered":"<p>Jesus is stripped of His Garments. JESUS would give up everything of this world, before He left it. He exercised the most perfect poverty. When He left the Holy House of Nazareth, and went out to preach, He had not where to lay His head. He lived on the poorest food, and on what was [&hellip;]<\/p>\n","protected":false},"author":1,"featured_media":0,"parent":47,"menu_order":0,"comment_status":"closed","ping_status":"closed","template":"","meta":{"_coblocks_attr":"","_coblocks_dimensions":"","_coblocks_responsive_height":"","_coblocks_accordion_ie_support":"","footnotes":""},"class_list":["post-190","page","type-page","status-publish","hentry"],"_links":{"self":[{"href":"https:\/\/grottosudbury.ca\/fr\/wp-json\/wp\/v2\/pages\/190","targetHints":{"allow":["GET"]}}],"collection":[{"href":"https:\/\/grottosudbury.ca\/fr\/wp-json\/wp\/v2\/pages"}],"about":[{"href":"https:\/\/grottosudbury.ca\/fr\/wp-json\/wp\/v2\/types\/page"}],"author":[{"embeddable":true,"href":"https:\/\/grottosudbury.ca\/fr\/wp-json\/wp\/v2\/users\/1"}],"replies":[{"embeddable":true,"href":"https:\/\/grottosudbury.ca\/fr\/wp-json\/wp\/v2\/comments?post=190"}],"version-history":[{"count":3,"href":"https:\/\/grottosudbury.ca\/fr\/wp-json\/wp\/v2\/pages\/190\/revisions"}],"predecessor-version":[{"id":196,"href":"https:\/\/grottosudbury.ca\/fr\/wp-json\/wp\/v2\/pages\/190\/revisions\/196"}],"up":[{"embeddable":true,"href":"https:\/\/grottosudbury.ca\/fr\/wp-json\/wp\/v2\/pages\/47"}],"wp:attachment":[{"href":"https:\/\/grottosudbury.ca\/fr\/wp-json\/wp\/v2\/media?parent=190"}],"curies":[{"name":"wp","href":"https:\/\/api.w.org\/{rel}","templated":true}]}}