{"id":187,"date":"2023-06-30T19:44:35","date_gmt":"2023-06-30T19:44:35","guid":{"rendered":"https:\/\/grottosudbury.ca\/?page_id=187"},"modified":"2023-06-30T19:45:47","modified_gmt":"2023-06-30T19:45:47","slug":"station-ix","status":"publish","type":"page","link":"https:\/\/grottosudbury.ca\/fr\/__trashed-2\/station-ix\/","title":{"rendered":"Station IX"},"content":{"rendered":"<div class=\"wp-block-columns is-layout-flex wp-container-core-columns-is-layout-9d6595d7 wp-block-columns-is-layout-flex\">\n<div class=\"wp-block-column is-layout-flow wp-block-column-is-layout-flow\" style=\"flex-basis:33.33%\">\n<figure class=\"wp-block-image size-full is-resized\"><img loading=\"lazy\" decoding=\"async\" src=\"https:\/\/grottosudbury.ca\/wp-content\/uploads\/2023\/06\/image1894.jpg\" alt=\"\" class=\"wp-image-115\" width=\"267\" height=\"417\" srcset=\"https:\/\/grottosudbury.ca\/wp-content\/uploads\/2023\/06\/image1894.jpg 174w, https:\/\/grottosudbury.ca\/wp-content\/uploads\/2023\/06\/image1894-8x12.jpg 8w\" sizes=\"auto, (max-width: 267px) 100vw, 267px\" \/><\/figure>\n<\/div>\n\n\n\n<div class=\"wp-block-column is-layout-flow wp-block-column-is-layout-flow\" style=\"flex-basis:66.66%\">\n<h2 class=\"wp-block-heading\"><strong><em>J\u00e9sus tombe pour la troisi\u00e8me fois<\/em><\/strong><\/h2>\n\n\n\n<p>Satan fera une troisi\u00e8me et derni\u00e8re chute \u00e0 la fin du monde, alors qu'il sera enferm\u00e9 pour toujours dans la prison du feu \u00e9ternel. Il sait d\u00e8s le commencement que telle sera sa fin, il n'a nulle esp\u00e9rance ; il est plong\u00e9 dans le d\u00e9sespoir. Il savait donc bien qu'aucune souffrance qu'il p\u00fbt \u00e0 ce moment infliger au Sauveur des hommes ne servirait le moins du monde \u00e0 le faire \u00e9chapper \u00e0 ce sort in\u00e9vitable. Mais il avait r\u00e9solu, dans sa haine et son horrible rage, d'insulter et de torturer, pendant que cela \u00e9tait en son pouvoir, le grand Roi dont le tr\u00f4ne est \u00e9ternel. C'est pourquoi il Le renversa contre terre une troisi\u00e8me fois par un coup terrible.&nbsp;<br><br><\/p>\n<\/div>\n<\/div>\n\n\n\n<p>O J\u00e9sus, Fils unique de Dieu, Verbe Incarn\u00e9, nous Vous adorons avec crainte, avec tremblement et avec une profonde reconnaissance en cette incompr\u00e9hensible humiliation, que Vous, qui \u00eates le Tr\u00e8s-Haut, Vous ayez consenti, m\u00eame pour une heure, \u00e0 \u00eatre la proie et le jouet du Mauvais pour nous retirer de sa tyrannie.<br><\/p>\n\n\n\n<h3 class=\"wp-block-heading\"><strong><em>Notre P\u00e8re\u00a0<\/em><\/strong><\/h3>\n\n\n\n<p><em>Notre P\u00e8re qui es aux cieux, que ton nom soit sanctifi\u00e9, que ton r\u00e8gne vienne, que ta volont\u00e9 soit faite sur la terre comme au ciel.\u00a0Donne-nous aujourd'hui notre pain de ce jour. Pardonne-nous nos offenses comme nous pardonnons aussi \u00e0 ceux qui nous ont offens\u00e9s. Et ne nous soumets pas \u00e0 la tentation, mais d\u00e9livre-nous du mal.<\/em><\/p>\n\n\n\n<h3 class=\"wp-block-heading\"><strong><em>Je vous salue Marie&nbsp;<\/em><\/strong><\/h3>\n\n\n\n<p><em>Je vous salue, Marie, pleine de gr\u00e2ce, le Seigneur est avec vous. Vous \u00eates b\u00e9nie entre toutes les femmes et J\u00e9sus, le fruit de vos entrailles, est b\u00e9ni. Sainte Marie, m\u00e8re de Dieu, priez pour nous, pauvres p\u00e9cheurs, maintenant et \u00e0 l'heure de notre mort. Amen.<\/em><\/p>\n\n\n\n<h3 class=\"wp-block-heading\"><strong><em>Gloire au P\u00e8re<\/em><\/strong><\/h3>\n\n\n\n<p><em>Gloire au P\u00e8re et au Fils et au Saint-Esprit, Comme il \u00e9tait au commencement, maintenant et toujours, pour les si\u00e8cles des si\u00e8cles. Amen. <\/em><\/p>","protected":false},"excerpt":{"rendered":"<p>Jesus falls for third time. Satan will have a third and final fall at the end in the everlasting fiery prison. He knew this was to be his end&#8211;he has no hope, but despair only. He knew that no suffering which he could at that moment inflict upon the Savior of men would avail to [&hellip;]<\/p>\n","protected":false},"author":1,"featured_media":0,"parent":47,"menu_order":0,"comment_status":"closed","ping_status":"closed","template":"","meta":{"_coblocks_attr":"","_coblocks_dimensions":"","_coblocks_responsive_height":"","_coblocks_accordion_ie_support":"","footnotes":""},"class_list":["post-187","page","type-page","status-publish","hentry"],"_links":{"self":[{"href":"https:\/\/grottosudbury.ca\/fr\/wp-json\/wp\/v2\/pages\/187","targetHints":{"allow":["GET"]}}],"collection":[{"href":"https:\/\/grottosudbury.ca\/fr\/wp-json\/wp\/v2\/pages"}],"about":[{"href":"https:\/\/grottosudbury.ca\/fr\/wp-json\/wp\/v2\/types\/page"}],"author":[{"embeddable":true,"href":"https:\/\/grottosudbury.ca\/fr\/wp-json\/wp\/v2\/users\/1"}],"replies":[{"embeddable":true,"href":"https:\/\/grottosudbury.ca\/fr\/wp-json\/wp\/v2\/comments?post=187"}],"version-history":[{"count":2,"href":"https:\/\/grottosudbury.ca\/fr\/wp-json\/wp\/v2\/pages\/187\/revisions"}],"predecessor-version":[{"id":191,"href":"https:\/\/grottosudbury.ca\/fr\/wp-json\/wp\/v2\/pages\/187\/revisions\/191"}],"up":[{"embeddable":true,"href":"https:\/\/grottosudbury.ca\/fr\/wp-json\/wp\/v2\/pages\/47"}],"wp:attachment":[{"href":"https:\/\/grottosudbury.ca\/fr\/wp-json\/wp\/v2\/media?parent=187"}],"curies":[{"name":"wp","href":"https:\/\/api.w.org\/{rel}","templated":true}]}}