{"id":179,"date":"2023-06-30T18:40:32","date_gmt":"2023-06-30T18:40:32","guid":{"rendered":"https:\/\/grottosudbury.ca\/?page_id=179"},"modified":"2023-06-30T18:43:00","modified_gmt":"2023-06-30T18:43:00","slug":"station-vii","status":"publish","type":"page","link":"https:\/\/grottosudbury.ca\/fr\/__trashed-2\/station-vii\/","title":{"rendered":"Station VII"},"content":{"rendered":"<div class=\"wp-block-columns is-layout-flex wp-container-core-columns-is-layout-9d6595d7 wp-block-columns-is-layout-flex\">\n<div class=\"wp-block-column is-layout-flow wp-block-column-is-layout-flow\" style=\"flex-basis:33.33%\">\n<figure class=\"wp-block-image size-full is-resized\"><img loading=\"lazy\" decoding=\"async\" src=\"https:\/\/grottosudbury.ca\/wp-content\/uploads\/2023\/06\/image1723.jpg\" alt=\"\" class=\"wp-image-114\" width=\"271\" height=\"367\" srcset=\"https:\/\/grottosudbury.ca\/wp-content\/uploads\/2023\/06\/image1723.jpg 180w, https:\/\/grottosudbury.ca\/wp-content\/uploads\/2023\/06\/image1723-9x12.jpg 9w\" sizes=\"auto, (max-width: 271px) 100vw, 271px\" \/><\/figure>\n<\/div>\n\n\n\n<div class=\"wp-block-column is-layout-flow wp-block-column-is-layout-flow\" style=\"flex-basis:66.66%\">\n<h2 class=\"wp-block-heading\"><strong><em><strong><em>J\u00e9sus tombe une seconde fois.<\/em><\/strong><\/em><\/strong><\/h2>\n\n\n\n<p>Satan subit une seconde chute quand Notre-Seigneur vint sur la terre. Il avait depuis longtemps usurp\u00e9 l'empire du monde entier, et s'en nommait roi. Et il osa enlever dans ses bras le Sauveur tr\u00e8s-saint, lui montrer tous les royaumes de la terre et lui faire la promesse blasph\u00e9matoire de les lui donner, \u00e0 Lui, son Cr\u00e9ateur, s'il voulait l'adorer. J\u00e9sus lui r\u00e9pondit : \" Retire-toi, Satan ! \" - et Satan tomba du haut de la montagne. Et J\u00e9sus rendait t\u00e9moignage de cette chute, lorsqu'Il disait : \" Je vis Satan tomber du ciel comme l'\u00e9clair. \" Le Mauvais se souvenait de cette seconde d\u00e9faite, et, sur le chemin du Calvaire, il frappa pour la seconde fois le Seigneur innocent, tandis qu'il L'avait en sa puissance.<br><br><\/p>\n<\/div>\n<\/div>\n\n\n\n<p>O cher Seigneur, apprenez-nous \u00e0 souffrir avec Vous, et \u00e0 ne pas craindre les soufflets que Satan pourrait donner \u00e0 ceux qui lui r\u00e9sistent.<br><\/p>\n\n\n\n<h3 class=\"wp-block-heading\"><strong><em>Notre P\u00e8re\u00a0<\/em><\/strong><\/h3>\n\n\n\n<p><em>Notre P\u00e8re qui es aux cieux, que ton nom soit sanctifi\u00e9, que ton r\u00e8gne vienne, que ta volont\u00e9 soit faite sur la terre comme au ciel.\u00a0Donne-nous aujourd'hui notre pain de ce jour. Pardonne-nous nos offenses comme nous pardonnons aussi \u00e0 ceux qui nous ont offens\u00e9s. Et ne nous soumets pas \u00e0 la tentation, mais d\u00e9livre-nous du mal.<\/em><\/p>\n\n\n\n<h3 class=\"wp-block-heading\"><strong><em>Je vous salue Marie&nbsp;<\/em><\/strong><\/h3>\n\n\n\n<p><em>Je vous salue, Marie, pleine de gr\u00e2ce, le Seigneur est avec vous. Vous \u00eates b\u00e9nie entre toutes les femmes et J\u00e9sus, le fruit de vos entrailles, est b\u00e9ni. Sainte Marie, m\u00e8re de Dieu, priez pour nous, pauvres p\u00e9cheurs, maintenant et \u00e0 l'heure de notre mort. Amen.<\/em><\/p>\n\n\n\n<h3 class=\"wp-block-heading\"><strong><em>Gloire au P\u00e8re<\/em><\/strong><\/h3>\n\n\n\n<p><em>Gloire au P\u00e8re et au Fils et au Saint-Esprit, Comme il \u00e9tait au commencement, maintenant et toujours, pour les si\u00e8cles des si\u00e8cles. Amen. <\/em><\/p>","protected":false},"excerpt":{"rendered":"<p>Jesus falls a second time. Satan had a second fall, when our Lord came upon the earth. By that time he had usurped the dominion of the whole world &#8212; and he called himself its king. And he dared to take up the Holy Savior in his arms, and show Him all kingdoms, and blasphemously [&hellip;]<\/p>\n","protected":false},"author":1,"featured_media":0,"parent":47,"menu_order":0,"comment_status":"closed","ping_status":"closed","template":"","meta":{"_coblocks_attr":"","_coblocks_dimensions":"","_coblocks_responsive_height":"","_coblocks_accordion_ie_support":"","footnotes":""},"class_list":["post-179","page","type-page","status-publish","hentry"],"_links":{"self":[{"href":"https:\/\/grottosudbury.ca\/fr\/wp-json\/wp\/v2\/pages\/179","targetHints":{"allow":["GET"]}}],"collection":[{"href":"https:\/\/grottosudbury.ca\/fr\/wp-json\/wp\/v2\/pages"}],"about":[{"href":"https:\/\/grottosudbury.ca\/fr\/wp-json\/wp\/v2\/types\/page"}],"author":[{"embeddable":true,"href":"https:\/\/grottosudbury.ca\/fr\/wp-json\/wp\/v2\/users\/1"}],"replies":[{"embeddable":true,"href":"https:\/\/grottosudbury.ca\/fr\/wp-json\/wp\/v2\/comments?post=179"}],"version-history":[{"count":3,"href":"https:\/\/grottosudbury.ca\/fr\/wp-json\/wp\/v2\/pages\/179\/revisions"}],"predecessor-version":[{"id":182,"href":"https:\/\/grottosudbury.ca\/fr\/wp-json\/wp\/v2\/pages\/179\/revisions\/182"}],"up":[{"embeddable":true,"href":"https:\/\/grottosudbury.ca\/fr\/wp-json\/wp\/v2\/pages\/47"}],"wp:attachment":[{"href":"https:\/\/grottosudbury.ca\/fr\/wp-json\/wp\/v2\/media?parent=179"}],"curies":[{"name":"wp","href":"https:\/\/api.w.org\/{rel}","templated":true}]}}