{"id":175,"date":"2023-06-30T18:20:55","date_gmt":"2023-06-30T18:20:55","guid":{"rendered":"https:\/\/grottosudbury.ca\/?page_id=175"},"modified":"2023-06-30T18:39:49","modified_gmt":"2023-06-30T18:39:49","slug":"station-vi","status":"publish","type":"page","link":"https:\/\/grottosudbury.ca\/fr\/__trashed-2\/station-vi\/","title":{"rendered":"Station VI"},"content":{"rendered":"<div class=\"wp-block-columns is-layout-flex wp-container-core-columns-is-layout-9d6595d7 wp-block-columns-is-layout-flex\">\n<div class=\"wp-block-column is-layout-flow wp-block-column-is-layout-flow\" style=\"flex-basis:33.33%\">\n<figure class=\"wp-block-image size-full is-resized\"><img loading=\"lazy\" decoding=\"async\" src=\"https:\/\/grottosudbury.ca\/wp-content\/uploads\/2023\/06\/image424.jpg\" alt=\"\" class=\"wp-image-112\" width=\"269\" height=\"452\" srcset=\"https:\/\/grottosudbury.ca\/wp-content\/uploads\/2023\/06\/image424.jpg 181w, https:\/\/grottosudbury.ca\/wp-content\/uploads\/2023\/06\/image424-179x300.jpg 179w, https:\/\/grottosudbury.ca\/wp-content\/uploads\/2023\/06\/image424-7x12.jpg 7w\" sizes=\"auto, (max-width: 269px) 100vw, 269px\" \/><\/figure>\n<\/div>\n\n\n\n<div class=\"wp-block-column is-layout-flow wp-block-column-is-layout-flow\" style=\"flex-basis:66.66%\">\n<h2 class=\"wp-block-heading\"><strong><em>La Face de J\u00e9sus est essuy\u00e9e par V\u00e9ronique<\/em><\/strong><\/h2>\n\n\n\n<p>J\u00e9sus accorda \u00e0 cette pieuse femme de garder de son Visage Sacr\u00e9 une empreinte qui devait demeurer pour les \u00e2ges futurs. Il le fit pour nous rappeler \u00e0 tous que son image doit toujours \u00eatre grav\u00e9e dans nos c\u0153urs. Qui que nous soyons, en quelque lieu de la terre, en quelque \u00e2ge du monde o\u00f9 nous vivions, J\u00e9sus doit vivre dans nos c\u0153urs. Nous pouvons diff\u00e9rer les uns des autres en bien des choses, mais en ceci, nous devons tous concorder, si nous sommes ses v\u00e9ritables enfants. Il faut que nous portions avec nous le voile de sainte V\u00e9ronique, que nous m\u00e9ditions toujours sur la Mort et la R\u00e9surrection de notre Sauveur, que tous, selon nos forces, nous imitions sa perfection divine.&nbsp;<br><br><\/p>\n<\/div>\n<\/div>\n\n\n\n<p>Seigneur, que notre visage Vous soit agr\u00e9able, qu'il ne soit pas souill\u00e9 par le p\u00e9ch\u00e9, mais lav\u00e9 et purifi\u00e9 par votre pr\u00e9cieux Sang.<br><\/p>\n\n\n\n<h3 class=\"wp-block-heading\"><strong><em>Notre P\u00e8re\u00a0<\/em><\/strong><\/h3>\n\n\n\n<p><em>Notre P\u00e8re qui es aux cieux, que ton nom soit sanctifi\u00e9, que ton r\u00e8gne vienne, que ta volont\u00e9 soit faite sur la terre comme au ciel.\u00a0Donne-nous aujourd'hui notre pain de ce jour. Pardonne-nous nos offenses comme nous pardonnons aussi \u00e0 ceux qui nous ont offens\u00e9s. Et ne nous soumets pas \u00e0 la tentation, mais d\u00e9livre-nous du mal.<\/em><\/p>\n\n\n\n<h3 class=\"wp-block-heading\"><strong><em>Je vous salue Marie&nbsp;<\/em><\/strong><\/h3>\n\n\n\n<p><em>Je vous salue, Marie, pleine de gr\u00e2ce, le Seigneur est avec vous. Vous \u00eates b\u00e9nie entre toutes les femmes et J\u00e9sus, le fruit de vos entrailles, est b\u00e9ni. Sainte Marie, m\u00e8re de Dieu, priez pour nous, pauvres p\u00e9cheurs, maintenant et \u00e0 l'heure de notre mort. Amen.<\/em><\/p>\n\n\n\n<h3 class=\"wp-block-heading\"><strong><em>Gloire au P\u00e8re<\/em><\/strong><\/h3>\n\n\n\n<p><em>Gloire au P\u00e8re et au Fils et au Saint-Esprit, Comme il \u00e9tait au commencement, maintenant et toujours, pour les si\u00e8cles des si\u00e8cles. Amen. <\/em><\/p>","protected":false},"excerpt":{"rendered":"<p>The Face of Jesus is wiped by Veronica. Jesus let the pious woman carry off an impression of His Sacred Countenance, which was to last to future ages. He did this to remind us all, that His image must ever be impressed on all our hearts. Whoever we are, in whatever part of the earth, [&hellip;]<\/p>\n","protected":false},"author":1,"featured_media":0,"parent":47,"menu_order":0,"comment_status":"closed","ping_status":"closed","template":"","meta":{"_coblocks_attr":"","_coblocks_dimensions":"","_coblocks_responsive_height":"","_coblocks_accordion_ie_support":"","footnotes":""},"class_list":["post-175","page","type-page","status-publish","hentry"],"_links":{"self":[{"href":"https:\/\/grottosudbury.ca\/fr\/wp-json\/wp\/v2\/pages\/175","targetHints":{"allow":["GET"]}}],"collection":[{"href":"https:\/\/grottosudbury.ca\/fr\/wp-json\/wp\/v2\/pages"}],"about":[{"href":"https:\/\/grottosudbury.ca\/fr\/wp-json\/wp\/v2\/types\/page"}],"author":[{"embeddable":true,"href":"https:\/\/grottosudbury.ca\/fr\/wp-json\/wp\/v2\/users\/1"}],"replies":[{"embeddable":true,"href":"https:\/\/grottosudbury.ca\/fr\/wp-json\/wp\/v2\/comments?post=175"}],"version-history":[{"count":2,"href":"https:\/\/grottosudbury.ca\/fr\/wp-json\/wp\/v2\/pages\/175\/revisions"}],"predecessor-version":[{"id":177,"href":"https:\/\/grottosudbury.ca\/fr\/wp-json\/wp\/v2\/pages\/175\/revisions\/177"}],"up":[{"embeddable":true,"href":"https:\/\/grottosudbury.ca\/fr\/wp-json\/wp\/v2\/pages\/47"}],"wp:attachment":[{"href":"https:\/\/grottosudbury.ca\/fr\/wp-json\/wp\/v2\/media?parent=175"}],"curies":[{"name":"wp","href":"https:\/\/api.w.org\/{rel}","templated":true}]}}