{"id":161,"date":"2023-06-30T11:58:45","date_gmt":"2023-06-30T11:58:45","guid":{"rendered":"https:\/\/grottosudbury.ca\/?page_id=161"},"modified":"2023-06-30T12:12:59","modified_gmt":"2023-06-30T12:12:59","slug":"station-v","status":"publish","type":"page","link":"https:\/\/grottosudbury.ca\/fr\/__trashed-2\/station-v\/","title":{"rendered":"Station V"},"content":{"rendered":"<div class=\"wp-block-columns is-layout-flex wp-container-core-columns-is-layout-9d6595d7 wp-block-columns-is-layout-flex\">\n<div class=\"wp-block-column is-layout-flow wp-block-column-is-layout-flow\" style=\"flex-basis:33.33%\">\n<figure class=\"wp-block-image size-full is-resized\"><img loading=\"lazy\" decoding=\"async\" src=\"https:\/\/grottosudbury.ca\/wp-content\/uploads\/2023\/06\/image432.jpg\" alt=\"\" class=\"wp-image-125\" width=\"271\" height=\"442\" srcset=\"https:\/\/grottosudbury.ca\/wp-content\/uploads\/2023\/06\/image432.jpg 179w, https:\/\/grottosudbury.ca\/wp-content\/uploads\/2023\/06\/image432-7x12.jpg 7w\" sizes=\"auto, (max-width: 271px) 100vw, 271px\" \/><\/figure>\n<\/div>\n\n\n\n<div class=\"wp-block-column is-layout-flow wp-block-column-is-layout-flow\" style=\"flex-basis:66.66%\">\n<h2 class=\"wp-block-heading\"><strong><em>Simon de Cyr\u00e8ne aide J\u00e9sus \u00e0 porter sa Croix.<\/em><\/strong><em>s.<\/em><\/h2>\n\n\n\n<p>J\u00e9sus pouvait porter sa Croix \u00e0 Lui seul, s'il l'e\u00fbt voulu ; mais Il permet \u00e0 Simon de l'aider, afin de nous rappeler que nous devons nous associer \u00e0 son \u0153uvre et prendre part \u00e0 ses souffrances. Ses m\u00e9rites sont infinis ; pourtant Il condescend \u00e0 laisser les siens y ajouter leurs propres m\u00e9rites. La saintet\u00e9 de la Bienheureuse Vierge Marie, le sang des Martyrs, les p\u00e9nitences et les pri\u00e8res des Saints, les bonnes actions de tous les fid\u00e8les, prennent part \u00e0 cette \u0153uvre qui est n\u00e9anmoins parfaite sans leur concours. J\u00e9sus nous sauve par son Sang, mais c'est avec nous-m\u00eames et par nous-m\u00eames qu'Il nous sauve<br><br><\/p>\n<\/div>\n<\/div>\n\n\n\n<p>Cher Seigneur, apprenez-nous \u00e0 souffrir avec Vous, rendez-vous agr\u00e9able de souffrir pour l'amour de Vous, et sanctifiez toutes nos souffrances par le m\u00e9rite des v\u00f4tres !<br><\/p>\n\n\n\n<h3 class=\"wp-block-heading\"><strong><em>Notre P\u00e8re\u00a0<\/em><\/strong><\/h3>\n\n\n\n<p><em>Notre P\u00e8re qui es aux cieux, que ton nom soit sanctifi\u00e9, que ton r\u00e8gne vienne, que ta volont\u00e9 soit faite sur la terre comme au ciel.\u00a0Donne-nous aujourd'hui notre pain de ce jour. Pardonne-nous nos offenses comme nous pardonnons aussi \u00e0 ceux qui nous ont offens\u00e9s. Et ne nous soumets pas \u00e0 la tentation, mais d\u00e9livre-nous du mal.<\/em><\/p>\n\n\n\n<h3 class=\"wp-block-heading\"><strong><em>Je vous salue Marie&nbsp;<\/em><\/strong><\/h3>\n\n\n\n<p><em>Je vous salue, Marie, pleine de gr\u00e2ce, le Seigneur est avec vous. Vous \u00eates b\u00e9nie entre toutes les femmes et J\u00e9sus, le fruit de vos entrailles, est b\u00e9ni. Sainte Marie, m\u00e8re de Dieu, priez pour nous, pauvres p\u00e9cheurs, maintenant et \u00e0 l'heure de notre mort. Amen.<\/em><\/p>\n\n\n\n<h3 class=\"wp-block-heading\"><strong><em>Gloire au P\u00e8re<\/em><\/strong><\/h3>\n\n\n\n<p><em>Gloire au P\u00e8re et au Fils et au Saint-Esprit, Comme il \u00e9tait au commencement, maintenant et toujours, pour les si\u00e8cles des si\u00e8cles. Amen. <\/em><\/p>","protected":false},"excerpt":{"rendered":"<p>Simon of Cyrene helps Jesus to carry the Cross. Jesus could bear His Cross alone, did He so will; but He permits Simon to help Him, in order to remind us that we must take part in His sufferings, and have a fellowship in His work. His merit is infinite, yet He condescends to let [&hellip;]<\/p>\n","protected":false},"author":1,"featured_media":0,"parent":47,"menu_order":0,"comment_status":"closed","ping_status":"closed","template":"","meta":{"_coblocks_attr":"","_coblocks_dimensions":"","_coblocks_responsive_height":"","_coblocks_accordion_ie_support":"","footnotes":""},"class_list":["post-161","page","type-page","status-publish","hentry"],"_links":{"self":[{"href":"https:\/\/grottosudbury.ca\/fr\/wp-json\/wp\/v2\/pages\/161","targetHints":{"allow":["GET"]}}],"collection":[{"href":"https:\/\/grottosudbury.ca\/fr\/wp-json\/wp\/v2\/pages"}],"about":[{"href":"https:\/\/grottosudbury.ca\/fr\/wp-json\/wp\/v2\/types\/page"}],"author":[{"embeddable":true,"href":"https:\/\/grottosudbury.ca\/fr\/wp-json\/wp\/v2\/users\/1"}],"replies":[{"embeddable":true,"href":"https:\/\/grottosudbury.ca\/fr\/wp-json\/wp\/v2\/comments?post=161"}],"version-history":[{"count":1,"href":"https:\/\/grottosudbury.ca\/fr\/wp-json\/wp\/v2\/pages\/161\/revisions"}],"predecessor-version":[{"id":163,"href":"https:\/\/grottosudbury.ca\/fr\/wp-json\/wp\/v2\/pages\/161\/revisions\/163"}],"up":[{"embeddable":true,"href":"https:\/\/grottosudbury.ca\/fr\/wp-json\/wp\/v2\/pages\/47"}],"wp:attachment":[{"href":"https:\/\/grottosudbury.ca\/fr\/wp-json\/wp\/v2\/media?parent=161"}],"curies":[{"name":"wp","href":"https:\/\/api.w.org\/{rel}","templated":true}]}}