{"id":156,"date":"2023-06-30T11:55:50","date_gmt":"2023-06-30T11:55:50","guid":{"rendered":"https:\/\/grottosudbury.ca\/?page_id=156"},"modified":"2023-06-30T11:57:24","modified_gmt":"2023-06-30T11:57:24","slug":"station-iv","status":"publish","type":"page","link":"https:\/\/grottosudbury.ca\/fr\/__trashed-2\/station-iv\/","title":{"rendered":"Station IV"},"content":{"rendered":"<div class=\"wp-block-columns is-layout-flex wp-container-core-columns-is-layout-9d6595d7 wp-block-columns-is-layout-flex\">\n<div class=\"wp-block-column is-layout-flow wp-block-column-is-layout-flow\" style=\"flex-basis:33.33%\">\n<figure class=\"wp-block-image size-full is-resized\"><img loading=\"lazy\" decoding=\"async\" src=\"https:\/\/grottosudbury.ca\/wp-content\/uploads\/2023\/06\/image763.jpg\" alt=\"\" class=\"wp-image-158\" width=\"269\" height=\"377\" srcset=\"https:\/\/grottosudbury.ca\/wp-content\/uploads\/2023\/06\/image763.jpg 180w, https:\/\/grottosudbury.ca\/wp-content\/uploads\/2023\/06\/image763-9x12.jpg 9w\" sizes=\"auto, (max-width: 269px) 100vw, 269px\" \/><\/figure>\n<\/div>\n\n\n\n<div class=\"wp-block-column is-layout-flow wp-block-column-is-layout-flow\" style=\"flex-basis:66.66%\">\n<h2 class=\"wp-block-heading\"><strong><em>J\u00e9sus rencontre sa M\u00e8re.<\/em><\/strong><\/h2>\n\n\n\n<p>Il n'est aucune partie de l'histoire de J\u00e9sus o\u00f9 Marie n'ait sa place. Parmi ceux qui font profession d'\u00eatre du nombre des serviteurs de J\u00e9sus, il en est qui pensent que l'\u0153uvre de Marie a \u00e9t\u00e9 finie lorsqu'Elle l'eut mis au monde, et qu'apr\u00e8s cela, Elle n'avait plus qu'\u00e0 dispara\u00eetre dans l'oubli. Mais pour nous, Seigneur, nous, vos enfants de l'\u00c9glise catholique, tel n'est pas notre sentiment au sujet de votre M\u00e8re. Nous nous souvenons qu'Elle pr\u00e9senta le tendre Enfant dans le Temple, qu'Elle Le tint dans ses bras quand les Mages vinrent L'adorer ; qu'Elle s'enfuit avec Lui en \u00c9gypte, qu'Elle l'emmena \u00e0 J\u00e9rusalem quand Il e\u00fbt douze ans ; qu'Il v\u00e9cut avec Elle \u00e0 Nazareth pendant trente ann\u00e9es, qu'Elle \u00e9tait avec Lui aux noces de Cana ; que, m\u00eame lorsqu'Il l'e\u00fbt quitt\u00e9e pour commencer sa pr\u00e9dication, Elle le suivait autant qu'il \u00e9tait possible. Et maintenant Elle s'approche de Lui quand Il monte le chemin sacr\u00e9 avec sa Croix sur les \u00e9paules.&nbsp;<br><br><\/p>\n<\/div>\n<\/div>\n\n\n\n<p>Douce M\u00e8re, faites que nous pensions toujours \u00e0 vous quand nous penserons \u00e0 J\u00e9sus, et quand nous Le prierons, aidez-nous toujours par votre puissante intercession<br><\/p>\n\n\n\n<h3 class=\"wp-block-heading\"><strong><em>Notre P\u00e8re\u00a0<\/em><\/strong><\/h3>\n\n\n\n<p><em>Notre P\u00e8re qui es aux cieux, que ton nom soit sanctifi\u00e9, que ton r\u00e8gne vienne, que ta volont\u00e9 soit faite sur la terre comme au ciel.\u00a0Donne-nous aujourd'hui notre pain de ce jour. Pardonne-nous nos offenses comme nous pardonnons aussi \u00e0 ceux qui nous ont offens\u00e9s. Et ne nous soumets pas \u00e0 la tentation, mais d\u00e9livre-nous du mal.<\/em><\/p>\n\n\n\n<h3 class=\"wp-block-heading\"><strong><em>Je vous salue Marie&nbsp;<\/em><\/strong><\/h3>\n\n\n\n<p><em>Je vous salue, Marie, pleine de gr\u00e2ce, le Seigneur est avec vous. Vous \u00eates b\u00e9nie entre toutes les femmes et J\u00e9sus, le fruit de vos entrailles, est b\u00e9ni. Sainte Marie, m\u00e8re de Dieu, priez pour nous, pauvres p\u00e9cheurs, maintenant et \u00e0 l'heure de notre mort. Amen.<\/em><\/p>\n\n\n\n<h3 class=\"wp-block-heading\"><strong><em>Gloire au P\u00e8re<\/em><\/strong><\/h3>\n\n\n\n<p><em>Gloire au P\u00e8re et au Fils et au Saint-Esprit, Comme il \u00e9tait au commencement, maintenant et toujours, pour les si\u00e8cles des si\u00e8cles. Amen. <\/em><\/p>","protected":false},"excerpt":{"rendered":"<p>Jesus meets His Mother. There is no part of the history of Jesus but Mary has her part in it. There are those who profess to be His servants, who think that her work was ended when she bore Him, and after that she had nothing to do but disappear and be forgotten. But we, [&hellip;]<\/p>\n","protected":false},"author":1,"featured_media":0,"parent":47,"menu_order":0,"comment_status":"closed","ping_status":"closed","template":"","meta":{"_coblocks_attr":"","_coblocks_dimensions":"","_coblocks_responsive_height":"","_coblocks_accordion_ie_support":"","footnotes":""},"class_list":["post-156","page","type-page","status-publish","hentry"],"_links":{"self":[{"href":"https:\/\/grottosudbury.ca\/fr\/wp-json\/wp\/v2\/pages\/156","targetHints":{"allow":["GET"]}}],"collection":[{"href":"https:\/\/grottosudbury.ca\/fr\/wp-json\/wp\/v2\/pages"}],"about":[{"href":"https:\/\/grottosudbury.ca\/fr\/wp-json\/wp\/v2\/types\/page"}],"author":[{"embeddable":true,"href":"https:\/\/grottosudbury.ca\/fr\/wp-json\/wp\/v2\/users\/1"}],"replies":[{"embeddable":true,"href":"https:\/\/grottosudbury.ca\/fr\/wp-json\/wp\/v2\/comments?post=156"}],"version-history":[{"count":2,"href":"https:\/\/grottosudbury.ca\/fr\/wp-json\/wp\/v2\/pages\/156\/revisions"}],"predecessor-version":[{"id":162,"href":"https:\/\/grottosudbury.ca\/fr\/wp-json\/wp\/v2\/pages\/156\/revisions\/162"}],"up":[{"embeddable":true,"href":"https:\/\/grottosudbury.ca\/fr\/wp-json\/wp\/v2\/pages\/47"}],"wp:attachment":[{"href":"https:\/\/grottosudbury.ca\/fr\/wp-json\/wp\/v2\/media?parent=156"}],"curies":[{"name":"wp","href":"https:\/\/api.w.org\/{rel}","templated":true}]}}