{"id":148,"date":"2023-06-30T11:48:48","date_gmt":"2023-06-30T11:48:48","guid":{"rendered":"https:\/\/grottosudbury.ca\/?page_id=148"},"modified":"2023-06-30T11:51:28","modified_gmt":"2023-06-30T11:51:28","slug":"station-iii","status":"publish","type":"page","link":"https:\/\/grottosudbury.ca\/fr\/__trashed-2\/station-iii\/","title":{"rendered":"Station III"},"content":{"rendered":"<div class=\"wp-block-columns is-layout-flex wp-container-core-columns-is-layout-9d6595d7 wp-block-columns-is-layout-flex\">\n<div class=\"wp-block-column is-layout-flow wp-block-column-is-layout-flow\" style=\"flex-basis:33.33%\">\n<figure class=\"wp-block-image size-full is-resized\"><img loading=\"lazy\" decoding=\"async\" src=\"https:\/\/grottosudbury.ca\/wp-content\/uploads\/2023\/06\/image1317.jpg\" alt=\"\" class=\"wp-image-128\" width=\"268\" height=\"436\" srcset=\"https:\/\/grottosudbury.ca\/wp-content\/uploads\/2023\/06\/image1317.jpg 177w, https:\/\/grottosudbury.ca\/wp-content\/uploads\/2023\/06\/image1317-7x12.jpg 7w\" sizes=\"auto, (max-width: 268px) 100vw, 268px\" \/><\/figure>\n<\/div>\n\n\n\n<div class=\"wp-block-column is-layout-flow wp-block-column-is-layout-flow\" style=\"flex-basis:66.66%\">\n<h2 class=\"wp-block-heading\"><strong><em>J\u00e9sus tombe pour la premi\u00e8re fois sous le poids de sa Croix<\/em><\/strong><\/h2>\n\n\n\n<p>Satan tomba du ciel au commencement, par la juste sentence de son Cr\u00e9ateur, contre lequel il s'\u00e9tait r\u00e9volt\u00e9. Et lorsqu'il eut r\u00e9ussi \u00e0 associer l'homme \u00e0 sa r\u00e9bellion et que le Cr\u00e9ateur fut venu pour sauver la cr\u00e9ature, l'heure br\u00e8ve de son triomphe vint aussi et il en profita. Quand le Saint des saints, rev\u00eatu de chair, fut en son pouvoir, frapp\u00e9 lui-m\u00eame jadis par le bras du Tout-Puissant, il r\u00e9solut de frapper \u00e0 son tour Celui qui l'avait rejet\u00e9. Ce coup fut la cause de la chute de J\u00e9sus.&nbsp;<br><br><\/p>\n<\/div>\n<\/div>\n\n\n\n<p>O cher Seigneur, par cette premi\u00e8re chute, relevez-nous du p\u00e9ch\u00e9, nous qui sommes si mis\u00e9rablement tomb\u00e9s sous son empire !<br><\/p>\n\n\n\n<h3 class=\"wp-block-heading\"><strong><em>Notre P\u00e8re\u00a0<\/em><\/strong><\/h3>\n\n\n\n<p><em>Notre P\u00e8re qui es aux cieux, que ton nom soit sanctifi\u00e9, que ton r\u00e8gne vienne, que ta volont\u00e9 soit faite sur la terre comme au ciel.\u00a0Donne-nous aujourd'hui notre pain de ce jour. Pardonne-nous nos offenses comme nous pardonnons aussi \u00e0 ceux qui nous ont offens\u00e9s. Et ne nous soumets pas \u00e0 la tentation, mais d\u00e9livre-nous du mal.<\/em><\/p>\n\n\n\n<h3 class=\"wp-block-heading\"><strong><em>Je vous salue Marie&nbsp;<\/em><\/strong><\/h3>\n\n\n\n<p><em>Je vous salue, Marie, pleine de gr\u00e2ce, le Seigneur est avec vous. Vous \u00eates b\u00e9nie entre toutes les femmes et J\u00e9sus, le fruit de vos entrailles, est b\u00e9ni. Sainte Marie, m\u00e8re de Dieu, priez pour nous, pauvres p\u00e9cheurs, maintenant et \u00e0 l'heure de notre mort. Amen.<\/em><\/p>\n\n\n\n<h3 class=\"wp-block-heading\"><strong><em>Gloire au P\u00e8re<\/em><\/strong><\/h3>\n\n\n\n<p><em>Gloire au P\u00e8re et au Fils et au Saint-Esprit, Comme il \u00e9tait au commencement, maintenant et toujours, pour les si\u00e8cles des si\u00e8cles. Amen. <\/em><\/p>","protected":false},"excerpt":{"rendered":"<p>Jesus falls under the weight of the Cross the First Time Satan fell from heaven in the beginning; by the just sentence of his Creator he fell, against whom he had rebelled. And when he had succeeded in gaining man to join him in his rebellion, and his maker came to save him, then his [&hellip;]<\/p>\n","protected":false},"author":1,"featured_media":0,"parent":47,"menu_order":0,"comment_status":"closed","ping_status":"closed","template":"","meta":{"_coblocks_attr":"","_coblocks_dimensions":"","_coblocks_responsive_height":"","_coblocks_accordion_ie_support":"","footnotes":""},"class_list":["post-148","page","type-page","status-publish","hentry"],"_links":{"self":[{"href":"https:\/\/grottosudbury.ca\/fr\/wp-json\/wp\/v2\/pages\/148","targetHints":{"allow":["GET"]}}],"collection":[{"href":"https:\/\/grottosudbury.ca\/fr\/wp-json\/wp\/v2\/pages"}],"about":[{"href":"https:\/\/grottosudbury.ca\/fr\/wp-json\/wp\/v2\/types\/page"}],"author":[{"embeddable":true,"href":"https:\/\/grottosudbury.ca\/fr\/wp-json\/wp\/v2\/users\/1"}],"replies":[{"embeddable":true,"href":"https:\/\/grottosudbury.ca\/fr\/wp-json\/wp\/v2\/comments?post=148"}],"version-history":[{"count":4,"href":"https:\/\/grottosudbury.ca\/fr\/wp-json\/wp\/v2\/pages\/148\/revisions"}],"predecessor-version":[{"id":155,"href":"https:\/\/grottosudbury.ca\/fr\/wp-json\/wp\/v2\/pages\/148\/revisions\/155"}],"up":[{"embeddable":true,"href":"https:\/\/grottosudbury.ca\/fr\/wp-json\/wp\/v2\/pages\/47"}],"wp:attachment":[{"href":"https:\/\/grottosudbury.ca\/fr\/wp-json\/wp\/v2\/media?parent=148"}],"curies":[{"name":"wp","href":"https:\/\/api.w.org\/{rel}","templated":true}]}}