{"id":142,"date":"2023-06-30T11:39:56","date_gmt":"2023-06-30T11:39:56","guid":{"rendered":"https:\/\/grottosudbury.ca\/?page_id=142"},"modified":"2023-06-30T11:49:50","modified_gmt":"2023-06-30T11:49:50","slug":"station-ii","status":"publish","type":"page","link":"https:\/\/grottosudbury.ca\/fr\/__trashed-2\/station-ii\/","title":{"rendered":"Station II"},"content":{"rendered":"<div class=\"wp-block-columns is-layout-flex wp-container-core-columns-is-layout-9d6595d7 wp-block-columns-is-layout-flex\">\n<div class=\"wp-block-column is-layout-flow wp-block-column-is-layout-flow\" style=\"flex-basis:33.33%\">\n<figure class=\"wp-block-image size-full is-resized\"><img loading=\"lazy\" decoding=\"async\" src=\"https:\/\/grottosudbury.ca\/wp-content\/uploads\/2023\/06\/image1297.jpg\" alt=\"\" class=\"wp-image-127\" width=\"267\" height=\"457\" srcset=\"https:\/\/grottosudbury.ca\/wp-content\/uploads\/2023\/06\/image1297.jpg 173w, https:\/\/grottosudbury.ca\/wp-content\/uploads\/2023\/06\/image1297-7x12.jpg 7w\" sizes=\"auto, (max-width: 267px) 100vw, 267px\" \/><\/figure>\n<\/div>\n\n\n\n<div class=\"wp-block-column is-layout-flow wp-block-column-is-layout-flow\" style=\"flex-basis:66.66%\">\n<h2 class=\"wp-block-heading\"><strong><em><strong><em>J\u00e9sus re\u00e7oit sa Croix.<\/em><\/strong><\/em><\/strong><\/h2>\n\n\n\n<p>J\u00e9sus soutient l'univers par sa puissance divine, car Il est Dieu ; mais ce poids est moins lourd que ne l'\u00e9tait celui de la Croix que nos p\u00e9ch\u00e9s taill\u00e8rent pour Lui. Nos p\u00e9ch\u00e9s Lui co\u00fbt\u00e8rent cette humiliation. Il dut prendre notre nature, para\u00eetre parmi nous comme homme et offrir pour nous un grand sacrifice. Il dut passer sa vie dans la p\u00e9nitence, et, \u00e0 la fin de cette vie, endurer sa Passion et sa mort.&nbsp;<br><br><\/p>\n<\/div>\n<\/div>\n\n\n\n<p>O Seigneur, Dieu Tout-Puissant, qui portez sans lassitude le poids du monde entier, qui avez port\u00e9 avec une fatigue accablante le fardeau de tous nos p\u00e9ch\u00e9s, Vous qui conservez nos corps par votre Providence, soyez aussi le Sauveur de nos \u00e2mes par votre pr\u00e9cieux sang !<br><\/p>\n\n\n\n<h3 class=\"wp-block-heading\"><strong><em>Notre P\u00e8re\u00a0<\/em><\/strong><\/h3>\n\n\n\n<p><em>Notre P\u00e8re qui es aux cieux, que ton nom soit sanctifi\u00e9, que ton r\u00e8gne vienne, que ta volont\u00e9 soit faite sur la terre comme au ciel.\u00a0Donne-nous aujourd'hui notre pain de ce jour. Pardonne-nous nos offenses comme nous pardonnons aussi \u00e0 ceux qui nous ont offens\u00e9s. Et ne nous soumets pas \u00e0 la tentation, mais d\u00e9livre-nous du mal.<\/em><\/p>\n\n\n\n<h3 class=\"wp-block-heading\"><strong><em>Je vous salue Marie&nbsp;<\/em><\/strong><\/h3>\n\n\n\n<p><em>Je vous salue, Marie, pleine de gr\u00e2ce, le Seigneur est avec vous. Vous \u00eates b\u00e9nie entre toutes les femmes et J\u00e9sus, le fruit de vos entrailles, est b\u00e9ni. Sainte Marie, m\u00e8re de Dieu, priez pour nous, pauvres p\u00e9cheurs, maintenant et \u00e0 l'heure de notre mort. Amen.<\/em><\/p>\n\n\n\n<h3 class=\"wp-block-heading\"><strong><em>Gloire au P\u00e8re<\/em><\/strong><\/h3>\n\n\n\n<p><em>Gloire au P\u00e8re et au Fils et au Saint-Esprit, Comme il \u00e9tait au commencement, maintenant et toujours, pour les si\u00e8cles des si\u00e8cles. Amen. <\/em><\/p>","protected":false},"excerpt":{"rendered":"<p>Jesus receives His Cross. Jesus supports the whole world by His divine power, for He is God; but the weight was less heavy than was the Cross which our sins hewed out for Him. Our sins cost Him this humiliation. He had to take on Him our nature, and to appear among us as a [&hellip;]<\/p>\n","protected":false},"author":1,"featured_media":0,"parent":47,"menu_order":0,"comment_status":"closed","ping_status":"closed","template":"","meta":{"_coblocks_attr":"","_coblocks_dimensions":"","_coblocks_responsive_height":"","_coblocks_accordion_ie_support":"","footnotes":""},"class_list":["post-142","page","type-page","status-publish","hentry"],"_links":{"self":[{"href":"https:\/\/grottosudbury.ca\/fr\/wp-json\/wp\/v2\/pages\/142","targetHints":{"allow":["GET"]}}],"collection":[{"href":"https:\/\/grottosudbury.ca\/fr\/wp-json\/wp\/v2\/pages"}],"about":[{"href":"https:\/\/grottosudbury.ca\/fr\/wp-json\/wp\/v2\/types\/page"}],"author":[{"embeddable":true,"href":"https:\/\/grottosudbury.ca\/fr\/wp-json\/wp\/v2\/users\/1"}],"replies":[{"embeddable":true,"href":"https:\/\/grottosudbury.ca\/fr\/wp-json\/wp\/v2\/comments?post=142"}],"version-history":[{"count":4,"href":"https:\/\/grottosudbury.ca\/fr\/wp-json\/wp\/v2\/pages\/142\/revisions"}],"predecessor-version":[{"id":151,"href":"https:\/\/grottosudbury.ca\/fr\/wp-json\/wp\/v2\/pages\/142\/revisions\/151"}],"up":[{"embeddable":true,"href":"https:\/\/grottosudbury.ca\/fr\/wp-json\/wp\/v2\/pages\/47"}],"wp:attachment":[{"href":"https:\/\/grottosudbury.ca\/fr\/wp-json\/wp\/v2\/media?parent=142"}],"curies":[{"name":"wp","href":"https:\/\/api.w.org\/{rel}","templated":true}]}}