{"id":138,"date":"2023-06-30T11:28:35","date_gmt":"2023-06-30T11:28:35","guid":{"rendered":"https:\/\/grottosudbury.ca\/?page_id=138"},"modified":"2023-06-30T11:39:34","modified_gmt":"2023-06-30T11:39:34","slug":"station-i","status":"publish","type":"page","link":"https:\/\/grottosudbury.ca\/fr\/__trashed-2\/station-i\/","title":{"rendered":"Station I"},"content":{"rendered":"<div class=\"wp-block-columns is-layout-flex wp-container-core-columns-is-layout-9d6595d7 wp-block-columns-is-layout-flex\">\n<div class=\"wp-block-column is-layout-flow wp-block-column-is-layout-flow\" style=\"flex-basis:33.33%\">\n<figure class=\"wp-block-image size-full is-resized\"><img loading=\"lazy\" decoding=\"async\" src=\"https:\/\/grottosudbury.ca\/wp-content\/uploads\/2023\/06\/image327.jpg\" alt=\"\" class=\"wp-image-122\" width=\"268\" height=\"384\" srcset=\"https:\/\/grottosudbury.ca\/wp-content\/uploads\/2023\/06\/image327.jpg 182w, https:\/\/grottosudbury.ca\/wp-content\/uploads\/2023\/06\/image327-8x12.jpg 8w\" sizes=\"auto, (max-width: 268px) 100vw, 268px\" \/><\/figure>\n<\/div>\n\n\n\n<div class=\"wp-block-column is-layout-flow wp-block-column-is-layout-flow\" style=\"flex-basis:66.66%\">\n<h2 class=\"wp-block-heading\"><strong><em>J\u00e9sus condamn\u00e9 \u00e0 mort.<\/em><\/strong><\/h2>\n\n\n\n<p>Le Saint, le Juste et le V\u00e9ritable fut jug\u00e9 par les p\u00e9cheurs et mis \u00e0 mort. Et pourtant, tandis qu'ils Le jugeaient, ils \u00e9taient forc\u00e9s de L'acquitter. Judas, apr\u00e8s L'avoir trahi, alla dire aux pr\u00eatres : \" J'ai p\u00e9ch\u00e9, car j'ai livr\u00e9 le sang innocent. \" Pilate, qui rendit la sentence, dit \u00e0 son tour : \" Je suis innocent du sang de ce juste \", et rejeta le crime sur les Juifs. Le Centurion qui L'avait vu crucifier dit aussi : \" En v\u00e9rit\u00e9, celui-ci \u00e9tait un juste.&nbsp;<br><br><\/p>\n<\/div>\n<\/div>\n\n\n\n<p>Ainsi toujours, \u00f4 Seigneur, Vous \u00eates justifi\u00e9 dans vos paroles et Vous \u00eates vainqueur quand Vous \u00eates jug\u00e9. Ce sera beaucoup plus rigoureusement \u00e9vident encore au dernier jour : \" Ils verront Celui qu'ils ont perc\u00e9 \", et Celui qui \u00e9tait condamn\u00e9 dans la faiblesse jugera le monde dans la puissance ; ceux m\u00eames qui seront alors condamn\u00e9s reconna\u00eetront la justice de leur sentence.<br><\/p>\n\n\n\n<h3 class=\"wp-block-heading\"><strong><em>Notre P\u00e8re\u00a0<\/em><\/strong><\/h3>\n\n\n\n<p><em>Notre P\u00e8re qui es aux cieux, que ton nom soit sanctifi\u00e9, que ton r\u00e8gne vienne, que ta volont\u00e9 soit faite sur la terre comme au ciel.\u00a0Donne-nous aujourd'hui notre pain de ce jour. Pardonne-nous nos offenses comme nous pardonnons aussi \u00e0 ceux qui nous ont offens\u00e9s. Et ne nous soumets pas \u00e0 la tentation, mais d\u00e9livre-nous du mal.<\/em><\/p>\n\n\n\n<h3 class=\"wp-block-heading\"><strong><em>Je vous salue Marie&nbsp;<\/em><\/strong><\/h3>\n\n\n\n<p><em>Je vous salue, Marie, pleine de gr\u00e2ce, le Seigneur est avec vous. Vous \u00eates b\u00e9nie entre toutes les femmes et J\u00e9sus, le fruit de vos entrailles, est b\u00e9ni. Sainte Marie, m\u00e8re de Dieu, priez pour nous, pauvres p\u00e9cheurs, maintenant et \u00e0 l'heure de notre mort. Amen.<\/em><\/p>\n\n\n\n<h3 class=\"wp-block-heading\"><strong><em>Gloire au P\u00e8re<\/em><\/strong><\/h3>\n\n\n\n<p><em>Gloire au P\u00e8re et au Fils et au Saint-Esprit, Comme il \u00e9tait au commencement, maintenant et toujours, pour les si\u00e8cles des si\u00e8cles. Amen. <\/em><\/p>","protected":false},"excerpt":{"rendered":"<p>Jesus condemned to Death. The Holy, Just, and True was judged by sinners, and put to death. Yet, while they judged, they were compelled to acquit Him. Judas, who betrayed Him, said, &#8220;I have sinned in that I have betrayed the innocent blood.&#8221; Pilate, who sentenced Him, said, &#8220;I am innocent of the blood of [&hellip;]<\/p>\n","protected":false},"author":1,"featured_media":0,"parent":47,"menu_order":0,"comment_status":"closed","ping_status":"closed","template":"","meta":{"_coblocks_attr":"","_coblocks_dimensions":"","_coblocks_responsive_height":"","_coblocks_accordion_ie_support":"","footnotes":""},"class_list":["post-138","page","type-page","status-publish","hentry"],"_links":{"self":[{"href":"https:\/\/grottosudbury.ca\/fr\/wp-json\/wp\/v2\/pages\/138","targetHints":{"allow":["GET"]}}],"collection":[{"href":"https:\/\/grottosudbury.ca\/fr\/wp-json\/wp\/v2\/pages"}],"about":[{"href":"https:\/\/grottosudbury.ca\/fr\/wp-json\/wp\/v2\/types\/page"}],"author":[{"embeddable":true,"href":"https:\/\/grottosudbury.ca\/fr\/wp-json\/wp\/v2\/users\/1"}],"replies":[{"embeddable":true,"href":"https:\/\/grottosudbury.ca\/fr\/wp-json\/wp\/v2\/comments?post=138"}],"version-history":[{"count":2,"href":"https:\/\/grottosudbury.ca\/fr\/wp-json\/wp\/v2\/pages\/138\/revisions"}],"predecessor-version":[{"id":140,"href":"https:\/\/grottosudbury.ca\/fr\/wp-json\/wp\/v2\/pages\/138\/revisions\/140"}],"up":[{"embeddable":true,"href":"https:\/\/grottosudbury.ca\/fr\/wp-json\/wp\/v2\/pages\/47"}],"wp:attachment":[{"href":"https:\/\/grottosudbury.ca\/fr\/wp-json\/wp\/v2\/media?parent=138"}],"curies":[{"name":"wp","href":"https:\/\/api.w.org\/{rel}","templated":true}]}}